{"id":2272,"date":"2023-03-26T11:04:22","date_gmt":"2023-03-26T11:04:22","guid":{"rendered":"https:\/\/www.financije-astra.com\/temp\/savjetodavne-usluge\/"},"modified":"2023-04-03T22:08:17","modified_gmt":"2023-04-03T22:08:17","slug":"savjetodavne-usluge","status":"publish","type":"page","link":"https:\/\/www.financije-astra.com\/temp\/en\/savjetodavne-usluge\/","title":{"rendered":"Business consulting"},"content":{"rendered":"<section class=\"wpb-content-wrapper\"><p>[vc_section full_width=&#8221;stretch_row&#8221; el_class=&#8221;header_gradient&#8221;][vc_row css=&#8221;.vc_custom_1679857813890{background-image: url(https:\/\/www.financije-astra.com\/temp\/wp-content\/uploads\/2023\/03\/savjetodavne_usluge_back.png?id=1509) !important;background-position: center !important;background-repeat: no-repeat !important;background-size: contain !important;}&#8221;][vc_column width=&#8221;2\/3&#8243; offset=&#8221;vc_hidden-md vc_hidden-sm vc_hidden-xs&#8221;][vc_empty_space height=&#8221;1em&#8221; alter_height=&#8221;none&#8221; hide_on_mobile=&#8221;&#8221;][vc_custom_heading text=&#8221;Business<br \/>\nconsulting&#8221; font_container=&#8221;tag:h1|text_align:left&#8221; use_theme_fonts=&#8221;yes&#8221;][vc_empty_space height=&#8221;4em&#8221; alter_height=&#8221;none&#8221; hide_on_mobile=&#8221;&#8221;][vc_column_text el_class=&#8221;kontakt_podaci_tekst&#8221;]Our basic principle is to recognize and correctly identify<br \/>\nneeds and realistic possibilities of the Client and to assess<br \/>\nwhether we are the right choice regarding our experties and<br \/>\nClient&#8217;s needs. The result of this approach are long-term satisfied<br \/>\nclients, extremely high rate of funded EU projects and a large number<br \/>\nof successfully implemented M&amp;A transactions.<br \/>\nCounseling services are provided by companies within our group.[\/vc_column_text][\/vc_column][vc_column width=&#8221;1\/3&#8243; offset=&#8221;vc_hidden-md vc_hidden-sm vc_hidden-xs&#8221;][vc_empty_space height=&#8221;850px&#8221; alter_height=&#8221;none&#8221; hide_on_mobile=&#8221;&#8221;][\/vc_column][\/vc_row][\/vc_section][vc_section full_width=&#8221;stretch_row&#8221; el_class=&#8221;header_gradient&#8221;][vc_row css=&#8221;.vc_custom_1680424704439{background-position: center !important;background-repeat: no-repeat !important;background-size: contain !important;}&#8221;][vc_column offset=&#8221;vc_hidden-lg&#8221;][vc_empty_space height=&#8221;1em&#8221; alter_height=&#8221;none&#8221; hide_on_mobile=&#8221;&#8221;][vc_custom_heading text=&#8221;Business<br \/>\nconsulting&#8221; font_container=&#8221;tag:h1|text_align:left&#8221; use_theme_fonts=&#8221;yes&#8221;][vc_empty_space height=&#8221;2em&#8221; alter_height=&#8221;none&#8221; hide_on_mobile=&#8221;&#8221;][vc_column_text el_class=&#8221;kontakt_podaci_tekst&#8221;]Our basic principle is to recognize and correctly identify<br \/>\nneeds and realistic possibilities of the Client and to assess<br \/>\nwhether we are the right choice regarding our experties and<br \/>\nClient&#8217;s needs. The result of this approach are long-term satisfied<br \/>\nclients, extremely high rate of funded EU projects and a large number<br \/>\nof successfully implemented M&amp;A transactions.<br \/>\nCounseling services are provided by companies within our group.[\/vc_column_text][vc_single_image image=&#8221;2214&#8243; img_size=&#8221;full&#8221; css=&#8221;.vc_custom_1680425076248{margin-top: 0em !important;padding-bottom: 1em !important;}&#8221;][\/vc_column][\/vc_row][\/vc_section][vc_section full_width=&#8221;stretch_row&#8221; css=&#8221;.vc_custom_1679829719239{background-color: #eeeeee !important;}&#8221;][vc_row][vc_column offset=&#8221;vc_hidden-md vc_hidden-sm vc_hidden-xs&#8221;][vc_empty_space height=&#8221;2.5em&#8221; alter_height=&#8221;none&#8221; hide_on_mobile=&#8221;&#8221;][\/vc_column][\/vc_row][vc_row equal_height=&#8221;yes&#8221; el_id=&#8221;savjeti_1&#8243;][vc_column width=&#8221;1\/3&#8243; offset=&#8221;vc_hidden-md vc_hidden-sm vc_hidden-xs&#8221;][vc_raw_html el_class=&#8221;svg_lijevo&#8221;]JTNDaW1nJTIwc3JjJTNEJTIyaHR0cHMlM0ElMkYlMkZ3d3cuZmluYW5jaWplLWFzdHJhLmNvbSUyRnRlbXAlMkZ3cC1jb250ZW50JTJGdXBsb2FkcyUyRjIwMjMlMkYwMyUyRnBvcmV6bmVfb2xha3NpY2Uuc3ZnJTIyJTIwd2lkdGglM0QlMjIxNSUyNSUyMiUyMGhlaWdodCUzRCUyMmF1dG8lMjIlM0MlMkZpbWclM0U=[\/vc_raw_html][vc_custom_heading text=&#8221;Tax incentives<br \/>\n&#8211; Investment Promotion Act&#8221; font_container=&#8221;tag:h3|text_align:left|color:%23b15559&#8243; use_theme_fonts=&#8221;yes&#8221; css=&#8221;.vc_custom_1680430801992{margin-top: 0.8em !important;margin-bottom: 0.8em !important;}&#8221;][vc_column_text el_class=&#8221;tekst_usluge&#8221; css=&#8221;.vc_custom_1680525432452{margin-right: 6% !important;padding-top: 1.6em !important;padding-right: 8% !important;}&#8221;]We have extensive experience with tax relief projects through the Law on Investment Promotion and the Law on State Support for Research and Development Projects.<br \/>\nWe advise Client, structure the project, create project documentation and report on the implementation of the project to the competent institutions. The Investment Promotion Act provides the possibility of reducing the corporate tax rate by 50%-100% for a period of up to 10 years. It also provides the possibility of cash grant for an open job position, for training and education, etc.<\/p>\n<p>The minimum conditions for IT companies is to achive the following in a period of three years:<\/p>\n<ul>\n<li>an investment of \u20ac50,000 in long-term tangible and intangible assets and 3 new jobs for micro-entrepreneurs<\/li>\n<li>an investment of \u20ac50,000 in long-term tangible and intangible assets and 10 new jobs for centers for the development of information and communication systems and software &#8211; a specially tailored measure for IT; or<\/li>\n<li>an investment of \u20ac150,000 and 5 new jobs<\/li>\n<\/ul>\n<p>[\/vc_column_text][\/vc_column][vc_column width=&#8221;1\/3&#8243; offset=&#8221;vc_hidden-md vc_hidden-sm vc_hidden-xs&#8221;][vc_raw_html el_class=&#8221;svg_lijevo&#8221;]JTNDaW1nJTIwc3JjJTNEJTIyaHR0cHMlM0ElMkYlMkZ3d3cuZmluYW5jaWplLWFzdHJhLmNvbSUyRnRlbXAlMkZ3cC1jb250ZW50JTJGdXBsb2FkcyUyRjIwMjMlMkYwMyUyRnBvcmV6bmVfb2xha3NpY2VfZHJ6YXZuYV9wb3Rwb3JhLnN2ZyUyMiUyMHdpZHRoJTNEJTIyMTUlMjUlMjIlMjBoZWlnaHQlM0QlMjJhdXRvJTIyJTNDJTJGaW1nJTNF[\/vc_raw_html][vc_custom_heading text=&#8221;Tax incentives<br \/>\n\u2013 R&amp;D tax incentives&#8221; font_container=&#8221;tag:h3|text_align:left|color:%23b15559&#8243; use_theme_fonts=&#8221;yes&#8221; css=&#8221;.vc_custom_1680430814283{margin-top: 0.8em !important;margin-bottom: 0.8em !important;}&#8221;][vc_column_text el_class=&#8221;tekst_usluge&#8221; css=&#8221;.vc_custom_1680525312493{margin-right: 6% !important;padding-top: 1.6em !important;padding-right: 8% !important;}&#8221;]Astra advises the Client, structures the project, prepares project documentation as well as annual reports on project implementation.<br \/>\nBeneficiaries of this support are companies that invest in research and development, and it is realized through an additional reduction of the profit tax base for justified costs of research and development projects.<\/p>\n<p>Eligible costs of research and development projects are as follows:<\/p>\n<ul>\n<li>\u00a0staff costs<\/li>\n<li>depreciation costs of instruments and equipment<\/li>\n<li>costs of research carried out on the basis of contracts, knowledge and patents that are acquired or licensed from other parties under market conditions<\/li>\n<li>costs of consulting and similar services that are used exclusively for the project<\/li>\n<li>business expenses (costs of materials, consumables and similar products) incurred directly as a result of the project<\/li>\n<li>additional overhead costs<\/li>\n<\/ul>\n<p>[\/vc_column_text][\/vc_column][vc_column width=&#8221;1\/3&#8243; offset=&#8221;vc_hidden-md vc_hidden-sm vc_hidden-xs&#8221;][vc_raw_html el_class=&#8221;svg_lijevo&#8221;]JTNDaW1nJTIwc3JjJTNEJTIyaHR0cHMlM0ElMkYlMkZ3d3cuZmluYW5jaWplLWFzdHJhLmNvbSUyRnRlbXAlMkZ3cC1jb250ZW50JTJGdXBsb2FkcyUyRjIwMjMlMkYwMyUyRm1hX3NhdmpldG92YW5qZS5zdmclMjIlMjB3aWR0aCUzRCUyMjE1JTI1JTIyJTIwaGVpZ2h0JTNEJTIyYXV0byUyMiUzQyUyRmltZyUzRQ==[\/vc_raw_html][vc_custom_heading text=&#8221;M&amp;A;<br \/>\ndue diligence&#8221; font_container=&#8221;tag:h3|text_align:left|color:%23b15559&#8243; use_theme_fonts=&#8221;yes&#8221; css=&#8221;.vc_custom_1680430826023{margin-top: 0.8em !important;margin-bottom: 0.8em !important;}&#8221;][vc_column_text el_class=&#8221;tekst_usluge&#8221; css=&#8221;.vc_custom_1680525384564{margin-right: 6% !important;padding-top: 1.6em !important;padding-right: 8% !important;}&#8221;]The IT sector is extremely turbulent and acquisitions, investments, purchases and selling companies is an everyday occurrence. We have been and still are a big support to our Clients in numerous M&amp;A transactions.<br \/>\nWe provide consulting services in the proces of takeover , strategic partnerships, mergers and acquisitions. We are backing the entire process from preparation company for such a procedure, guiding the company through the entire process and supporting the Client in the post acquisition phase.<\/p>\n<p>Our support in such transactions can be on the side of the buyer (investor) or the seller.<\/p>\n<p>Services on the seller&#8217;s side:<\/p>\n<ul>\n<li>digital &#8220;data room&#8221;<\/li>\n<li>clarification of accounting and tax issues<\/li>\n<li>business plan<\/li>\n<li>negotiation procedure<\/li>\n<\/ul>\n<p>Services on the buyer\/investor side:<\/p>\n<ul>\n<li>accounting and tax due diligence<\/li>\n<li>analysis of the business plan of the future operations<\/li>\n<li>consultation and participation in negotiations regarding the terms of the transaction<\/li>\n<\/ul>\n<p>[\/vc_column_text][\/vc_column][\/vc_row][vc_row equal_height=&#8221;yes&#8221;][vc_column width=&#8221;1\/3&#8243; css=&#8221;.vc_custom_1680424847724{margin-right: 6% !important;}&#8221; offset=&#8221;vc_hidden-md vc_hidden-sm vc_hidden-xs&#8221;][vc_separator color=&#8221;custom&#8221; align=&#8221;align_left&#8221; accent_color=&#8221;#b15559&#8243;][\/vc_column][vc_column width=&#8221;1\/3&#8243; offset=&#8221;vc_hidden-md vc_hidden-sm vc_hidden-xs&#8221;][vc_separator color=&#8221;custom&#8221; align=&#8221;align_left&#8221; accent_color=&#8221;#b15559&#8243;][\/vc_column][vc_column width=&#8221;1\/3&#8243; offset=&#8221;vc_hidden-md vc_hidden-sm vc_hidden-xs&#8221;][vc_separator color=&#8221;custom&#8221; align=&#8221;align_left&#8221; accent_color=&#8221;#b15559&#8243;][\/vc_column][\/vc_row][vc_row equal_height=&#8221;yes&#8221; el_id=&#8221;savjeti_2&#8243;][vc_column width=&#8221;1\/3&#8243; offset=&#8221;vc_hidden-md vc_hidden-sm vc_hidden-xs&#8221;][vc_raw_html el_class=&#8221;svg_lijevo&#8221;]JTNDaW1nJTIwc3JjJTNEJTIyaHR0cHMlM0ElMkYlMkZ3d3cuZmluYW5jaWplLWFzdHJhLmNvbSUyRnRlbXAlMkZ3cC1jb250ZW50JTJGdXBsb2FkcyUyRjIwMjMlMkYwMyUyRnBvc2xvdm5vX3BsYW5pcmFuamUuc3ZnJTIyJTIwd2lkdGglM0QlMjIxNSUyNSUyMiUyMGhlaWdodCUzRCUyMmF1dG8lMjIlM0MlMkZpbWclM0U=[\/vc_raw_html][vc_custom_heading text=&#8221;Business<br \/>\nplan&#8221; font_container=&#8221;tag:h3|text_align:left|color:%23b15559&#8243; use_theme_fonts=&#8221;yes&#8221; css=&#8221;.vc_custom_1680430837834{margin-top: 0.8em !important;margin-bottom: 0.8em !important;}&#8221;][vc_column_text el_class=&#8221;tekst_usluge&#8221; css=&#8221;.vc_custom_1680525538525{margin-right: 6% !important;padding-top: 1.6em !important;padding-right: 8% !important;}&#8221;]Business plans and investment studies for the needs of investors, banks, VC and private equity funds[\/vc_column_text][\/vc_column][vc_column width=&#8221;1\/3&#8243; offset=&#8221;vc_hidden-md vc_hidden-sm vc_hidden-xs&#8221;][vc_raw_html el_class=&#8221;svg_lijevo&#8221;]JTNDaW1nJTIwc3JjJTNEJTIyaHR0cHMlM0ElMkYlMkZ3d3cuZmluYW5jaWplLWFzdHJhLmNvbSUyRnRlbXAlMkZ3cC1jb250ZW50JTJGdXBsb2FkcyUyRjIwMjMlMkYwMyUyRmV1X3Byb2pla3RpLnN2ZyUyMiUyMHdpZHRoJTNEJTIyMTUlMjUlMjIlMjBoZWlnaHQlM0QlMjJhdXRvJTIyJTNDJTJGaW1nJTNF[\/vc_raw_html][vc_custom_heading text=&#8221;EU<br \/>\nfunding&#8221; font_container=&#8221;tag:h3|text_align:left|color:%23b15559&#8243; use_theme_fonts=&#8221;yes&#8221; css=&#8221;.vc_custom_1680430851133{margin-top: 0.8em !important;margin-bottom: 0.8em !important;}&#8221;][vc_column_text el_class=&#8221;tekst_usluge&#8221; css=&#8221;.vc_custom_1680525601542{margin-right: 6% !important;padding-top: 1.6em !important;padding-right: 8% !important;}&#8221;]<\/p>\n<ul>\n<li>Company and project analysis<\/li>\n<li>Selecting the optimal tender<\/li>\n<li>Project structuring and creation of project documentation<\/li>\n<\/ul>\n<p>We focus exclusively on tenders in the field of research, development and commercialization of innovations, internationalization and digitalization of business. Precisely because of our narrow specialization, we have an exceptionally high success rate.[\/vc_column_text][\/vc_column][vc_column width=&#8221;1\/3&#8243; offset=&#8221;vc_hidden-md vc_hidden-sm vc_hidden-xs&#8221;][\/vc_column][\/vc_row][vc_row][vc_column offset=&#8221;vc_hidden-md vc_hidden-sm vc_hidden-xs&#8221;][vc_empty_space height=&#8221;7em&#8221; alter_height=&#8221;none&#8221; hide_on_mobile=&#8221;&#8221;][\/vc_column][\/vc_row][\/vc_section][vc_section full_width=&#8221;stretch_row&#8221; css=&#8221;.vc_custom_1679829719239{background-color: #eeeeee !important;}&#8221;][vc_row][vc_column offset=&#8221;vc_hidden-lg&#8221;][vc_empty_space height=&#8221;0.5em&#8221; alter_height=&#8221;none&#8221; hide_on_mobile=&#8221;&#8221;][\/vc_column][\/vc_row][vc_row equal_height=&#8221;yes&#8221;][vc_column width=&#8221;1\/3&#8243; offset=&#8221;vc_hidden-lg&#8221;][vc_raw_html el_class=&#8221;svg_lijevo&#8221; el_id=&#8221;olaksice&#8221;]JTNDaW1nJTIwc3JjJTNEJTIyaHR0cHMlM0ElMkYlMkZ3d3cuZmluYW5jaWplLWFzdHJhLmNvbSUyRnRlbXAlMkZ3cC1jb250ZW50JTJGdXBsb2FkcyUyRjIwMjMlMkYwMyUyRnBvcmV6bmVfb2xha3NpY2Uuc3ZnJTIyJTIwd2lkdGglM0QlMjIyNSUyNSUyMiUyMGhlaWdodCUzRCUyMmF1dG8lMjIlM0MlMkZpbWclM0U=[\/vc_raw_html][vc_custom_heading text=&#8221;Tax incentives<br \/>\n&#8211; Investment Promotion Act&#8221; font_container=&#8221;tag:h3|text_align:left|color:%23b15559&#8243; use_theme_fonts=&#8221;yes&#8221; css=&#8221;.vc_custom_1680430807846{margin-top: 0.8em !important;margin-bottom: 0.8em !important;}&#8221;][vc_column_text el_class=&#8221;tekst_usluge&#8221; css=&#8221;.vc_custom_1680430869996{margin-right: 6% !important;margin-bottom: 4em !important;padding-top: 1.6em !important;padding-right: 8% !important;}&#8221;]We have extensive experience with tax relief projects through the Law on Investment Promotion and the Law on State Support for Research and Development Projects.<\/p>\n<p>We advise Client, structure the project, create project documentation and report on the implementation of the project to the competent institutions. The Law on Investment Promotion provides the possibility of reducing the corporate tax rate by 50%-100% for a period of up to 10 years. It also provides the possibility of cash grant for an open job position, for training and education, etc.<\/p>\n<p>The minimum conditions for IT companies is to achive the following in a period of three years:<\/p>\n<p>&#8211; an investment of \u20ac50,000 in long-term tangible and intangible assets and 3 new jobs for micro-entrepreneurs<\/p>\n<p>&#8211; an investment of \u20ac50,000 in long-term tangible and intangible assets and 10 new jobs for centers for the development of information and communication systems and software &#8211; a specially tailored measure for IT; or<\/p>\n<p>&#8211; an investment of \u20ac150,000 and 5 new jobs[\/vc_column_text][\/vc_column][vc_column width=&#8221;1\/3&#8243; offset=&#8221;vc_hidden-lg&#8221;][vc_raw_html el_class=&#8221;svg_lijevo&#8221;]JTNDaW1nJTIwc3JjJTNEJTIyaHR0cHMlM0ElMkYlMkZ3d3cuZmluYW5jaWplLWFzdHJhLmNvbSUyRnRlbXAlMkZ3cC1jb250ZW50JTJGdXBsb2FkcyUyRjIwMjMlMkYwMyUyRnBvcmV6bmVfb2xha3NpY2VfZHJ6YXZuYV9wb3Rwb3JhLnN2ZyUyMiUyMHdpZHRoJTNEJTIyMjUlMjUlMjIlMjBoZWlnaHQlM0QlMjJhdXRvJTIyJTNDJTJGaW1nJTNF[\/vc_raw_html][vc_custom_heading text=&#8221;Tax incentives<br \/>\n\u2013 R&amp;D tax incentives&#8221; font_container=&#8221;tag:h3|text_align:left|color:%23b15559&#8243; use_theme_fonts=&#8221;yes&#8221; css=&#8221;.vc_custom_1680430820113{margin-top: 0.8em !important;margin-bottom: 0.8em !important;}&#8221;][vc_column_text el_class=&#8221;tekst_usluge&#8221; css=&#8221;.vc_custom_1680430882285{margin-right: 6% !important;margin-bottom: 4em !important;padding-top: 1.6em !important;padding-right: 8% !important;}&#8221;]Astra advises the Client, structures the project, prepares project documentation as well as annual reports on project implementation.<\/p>\n<p>Beneficiaries of this support are companies that invest in research and development, and it is realized through an additional reduction of the profit tax base for justified costs of research and development projects.<\/p>\n<p>Eligible costs of research and development projects are as follows:<\/p>\n<p>&#8211; staff costs<\/p>\n<p>&#8211; depreciation costs of instruments and equipment<\/p>\n<p>&#8211; costs of research carried out on the basis of contracts, knowledge and patents that are acquired or licensed from other parties under market conditions<\/p>\n<p>&#8211; costs of consulting and similar services that are used exclusively for the project<\/p>\n<p>&#8211; business expenses (costs of materials, consumables and similar products) incurred directly as a result of the project<\/p>\n<p>&#8211; additional overhead costs[\/vc_column_text][\/vc_column][vc_column width=&#8221;1\/3&#8243; offset=&#8221;vc_hidden-lg&#8221;][vc_raw_html el_class=&#8221;svg_lijevo&#8221; el_id=&#8221;msavjetovanje&#8221;]JTNDaW1nJTIwc3JjJTNEJTIyaHR0cHMlM0ElMkYlMkZ3d3cuZmluYW5jaWplLWFzdHJhLmNvbSUyRnRlbXAlMkZ3cC1jb250ZW50JTJGdXBsb2FkcyUyRjIwMjMlMkYwMyUyRm1hX3NhdmpldG92YW5qZS5zdmclMjIlMjB3aWR0aCUzRCUyMjI1JTI1JTIyJTIwaGVpZ2h0JTNEJTIyYXV0byUyMiUzQyUyRmltZyUzRQ==[\/vc_raw_html][vc_custom_heading text=&#8221;M&amp;A;<br \/>\ndue diligence&#8221; font_container=&#8221;tag:h3|text_align:left|color:%23b15559&#8243; use_theme_fonts=&#8221;yes&#8221; css=&#8221;.vc_custom_1680430832079{margin-top: 0.8em !important;margin-bottom: 0.8em !important;}&#8221;][vc_column_text el_class=&#8221;tekst_usluge&#8221; css=&#8221;.vc_custom_1680430894849{margin-right: 6% !important;margin-bottom: 4em !important;padding-top: 1.6em !important;padding-right: 8% !important;}&#8221;]The IT sector is extremely turbulent and acquisitions, investments, purchases and selling companies is an everyday occurrence. We have been and still are a big support to our Clients in numerous M&amp;A transactions.<\/p>\n<p>We provide consulting services in the proces of takeover , strategic partnerships, mergers and acquisitions. We are backing the entire process from preparation company for such a procedure, guiding the company through the entire process and supporting the Client in the post acquisition phase.<\/p>\n<p>Our support in such transactions can be on the side of the buyer (investor) or the seller.<\/p>\n<p>Services on the seller&#8217;s side:<\/p>\n<p>&#8211; digital &#8220;data room&#8221;<\/p>\n<p>&#8211; clarification of accounting and tax issues<\/p>\n<p>&#8211; business plan<\/p>\n<p>&#8211; negotiation procedure<\/p>\n<p>Services on the buyer\/investor side:<\/p>\n<p>&#8211; accounting and tax due diligence<\/p>\n<p>&#8211; analysis of the business plan of the future operations<\/p>\n<p>&#8211; consultation and participation in negotiations regarding the terms of the transaction[\/vc_column_text][\/vc_column][\/vc_row][vc_row equal_height=&#8221;yes&#8221;][vc_column width=&#8221;1\/3&#8243; offset=&#8221;vc_hidden-lg&#8221;][vc_raw_html el_class=&#8221;svg_lijevo&#8221; el_id=&#8221;planiranje&#8221;]JTNDaW1nJTIwc3JjJTNEJTIyaHR0cHMlM0ElMkYlMkZ3d3cuZmluYW5jaWplLWFzdHJhLmNvbSUyRnRlbXAlMkZ3cC1jb250ZW50JTJGdXBsb2FkcyUyRjIwMjMlMkYwMyUyRnBvc2xvdm5vX3BsYW5pcmFuamUuc3ZnJTIyJTIwd2lkdGglM0QlMjIyNSUyNSUyMiUyMGhlaWdodCUzRCUyMmF1dG8lMjIlM0MlMkZpbWclM0U=[\/vc_raw_html][vc_custom_heading text=&#8221;Business<br \/>\nplan&#8221; font_container=&#8221;tag:h3|text_align:left|color:%23b15559&#8243; use_theme_fonts=&#8221;yes&#8221; css=&#8221;.vc_custom_1680430844101{margin-top: 0.8em !important;margin-bottom: 0.8em !important;}&#8221;][vc_column_text el_class=&#8221;tekst_usluge&#8221; css=&#8221;.vc_custom_1680430907901{margin-right: 6% !important;margin-bottom: 4em !important;padding-top: 1.6em !important;padding-right: 8% !important;}&#8221;]- business plans and investment studies for the needs of investors, banks, VC and private equity funds[\/vc_column_text][\/vc_column][vc_column width=&#8221;1\/3&#8243; offset=&#8221;vc_hidden-lg&#8221;][vc_raw_html el_class=&#8221;svg_lijevo&#8221; el_id=&#8221;euprojekti&#8221;]JTNDaW1nJTIwc3JjJTNEJTIyaHR0cHMlM0ElMkYlMkZ3d3cuZmluYW5jaWplLWFzdHJhLmNvbSUyRnRlbXAlMkZ3cC1jb250ZW50JTJGdXBsb2FkcyUyRjIwMjMlMkYwMyUyRmV1X3Byb2pla3RpLnN2ZyUyMiUyMHdpZHRoJTNEJTIyMjUlMjUlMjIlMjBoZWlnaHQlM0QlMjJhdXRvJTIyJTNDJTJGaW1nJTNF[\/vc_raw_html][vc_custom_heading text=&#8221;EU<br \/>\nfunding&#8221; font_container=&#8221;tag:h3|text_align:left|color:%23b15559&#8243; use_theme_fonts=&#8221;yes&#8221; css=&#8221;.vc_custom_1680430856485{margin-top: 0.8em !important;margin-bottom: 0.8em !important;}&#8221;][vc_column_text el_class=&#8221;tekst_usluge&#8221; css=&#8221;.vc_custom_1680043171035{margin-right: 6% !important;padding-top: 1.6em !important;padding-right: 8% !important;}&#8221;]- Analiza kompanije i projekta<br \/>\n&#8211; Odabir optimalnog natje\u010daja<br \/>\n&#8211; Strukturiranje projekta i izrada projektne dokumentacije<\/p>\n<p>Fokusirani smo isklju\u010divo na natje\u010daje iz podru\u010dja istra\u017eivanja, razvoja i komercijalizacije inovacija te internacionalizacije i digitalizacije poslovanja. Upravo zbog fokusa i uske specijalizacije, imamo iznimno visoku uspje\u0161nost.[\/vc_column_text][\/vc_column][vc_column width=&#8221;1\/3&#8243; offset=&#8221;vc_hidden-lg&#8221;][\/vc_column][\/vc_row][vc_row][vc_column offset=&#8221;vc_hidden-lg&#8221;][vc_empty_space height=&#8221;7em&#8221; alter_height=&#8221;none&#8221; hide_on_mobile=&#8221;&#8221;][\/vc_column][\/vc_row][\/vc_section]<\/p>\n<\/section>","protected":false},"excerpt":{"rendered":"<p>[vc_section full_width=&#8221;stretch_row&#8221; el_class=&#8221;header_gradient&#8221;][vc_row css=&#8221;.vc_custom_1679857813890{background-image: url(https:\/\/www.financije-astra.com\/temp\/wp-content\/uploads\/2023\/03\/savjetodavne_usluge_back.png?id=1509) !important;background-position: center !important;background-repeat: no-repeat !important;background-size: contain !important;}&#8221;][vc_column width=&#8221;2\/3&#8243; offset=&#8221;vc_hidden-md vc_hidden-sm vc_hidden-xs&#8221;][vc_empty_space height=&#8221;1em&#8221; alter_height=&#8221;none&#8221; hide_on_mobile=&#8221;&#8221;][vc_custom_heading text=&#8221;Business consulting&#8221; font_container=&#8221;tag:h1|text_align:left&#8221; use_theme_fonts=&#8221;yes&#8221;][vc_empty_space height=&#8221;4em&#8221; alter_height=&#8221;none&#8221; hide_on_mobile=&#8221;&#8221;][vc_column_text el_class=&#8221;kontakt_podaci_tekst&#8221;]Our basic principle is to recognize and correctly identify needs and realistic possibilities of the Client and to assess whether we are the right&hellip;<\/p>\n","protected":false},"author":1,"featured_media":0,"parent":0,"menu_order":0,"comment_status":"closed","ping_status":"closed","template":"","meta":{"inline_featured_image":false,"footnotes":""},"class_list":["post-2272","page","type-page","status-publish","hentry"],"acf":[],"_links":{"self":[{"href":"https:\/\/www.financije-astra.com\/temp\/en\/wp-json\/wp\/v2\/pages\/2272","targetHints":{"allow":["GET"]}}],"collection":[{"href":"https:\/\/www.financije-astra.com\/temp\/en\/wp-json\/wp\/v2\/pages"}],"about":[{"href":"https:\/\/www.financije-astra.com\/temp\/en\/wp-json\/wp\/v2\/types\/page"}],"author":[{"embeddable":true,"href":"https:\/\/www.financije-astra.com\/temp\/en\/wp-json\/wp\/v2\/users\/1"}],"replies":[{"embeddable":true,"href":"https:\/\/www.financije-astra.com\/temp\/en\/wp-json\/wp\/v2\/comments?post=2272"}],"version-history":[{"count":10,"href":"https:\/\/www.financije-astra.com\/temp\/en\/wp-json\/wp\/v2\/pages\/2272\/revisions"}],"predecessor-version":[{"id":2470,"href":"https:\/\/www.financije-astra.com\/temp\/en\/wp-json\/wp\/v2\/pages\/2272\/revisions\/2470"}],"wp:attachment":[{"href":"https:\/\/www.financije-astra.com\/temp\/en\/wp-json\/wp\/v2\/media?parent=2272"}],"curies":[{"name":"wp","href":"https:\/\/api.w.org\/{rel}","templated":true}]}}