{"id":1240,"date":"2023-03-26T10:18:13","date_gmt":"2023-03-26T10:18:13","guid":{"rendered":"https:\/\/www.financije-astra.com\/temp\/?page_id=1240"},"modified":"2023-04-03T22:00:20","modified_gmt":"2023-04-03T22:00:20","slug":"racunovodstvo","status":"publish","type":"page","link":"https:\/\/www.financije-astra.com\/temp\/racunovodstvo\/","title":{"rendered":"Racunovodstvo"},"content":{"rendered":"<section class=\"wpb-content-wrapper\"><p>[vc_section full_width=&#8221;stretch_row&#8221; el_class=&#8221;header_gradient&#8221;][vc_row css=&#8221;.vc_custom_1679856509121{background-image: url(https:\/\/www.financije-astra.com\/temp\/wp-content\/uploads\/2023\/03\/racunovodstvo_back.png?id=1491) !important;background-position: center !important;background-repeat: no-repeat !important;background-size: contain !important;}&#8221;][vc_column width=&#8221;2\/3&#8243; offset=&#8221;vc_hidden-md vc_hidden-sm vc_hidden-xs&#8221;][vc_empty_space height=&#8221;1em&#8221; alter_height=&#8221;none&#8221; hide_on_mobile=&#8221;&#8221;][vc_custom_heading text=&#8221;Ra\u010dunovodstvo<br \/>\n(outsorcing)&#8221; font_container=&#8221;tag:h1|text_align:left&#8221; use_theme_fonts=&#8221;yes&#8221;][vc_empty_space height=&#8221;1em&#8221; alter_height=&#8221;none&#8221; hide_on_mobile=&#8221;&#8221;][vc_custom_heading text=&#8221;Stru\u010dno, a\u017eurno, digitalno i fleksibilno ra\u010dunovodstvo<br \/>\nspecijalizirano za brzo rastu\u0107e IT i visoko-tehnolo\u0161ke kompanije.&#8221; font_container=&#8221;tag:h3|text_align:left|color:%23b15559&#8243; use_theme_fonts=&#8221;yes&#8221; css=&#8221;.vc_custom_1679856777012{margin-top: 0.8em !important;margin-bottom: 0.8em !important;}&#8221;][vc_empty_space height=&#8221;3em&#8221; alter_height=&#8221;none&#8221; hide_on_mobile=&#8221;&#8221;][vc_column_text el_class=&#8221;kontakt_podaci_tekst&#8221;]- financijsko ra\u010dunovodstvo<br \/>\n&#8211; obra\u010dun pla\u0107a<br \/>\n&#8211; datoteke za pla\u0107anje<br \/>\n&#8211; obra\u010dun poreza i drugih javnih davanja<br \/>\n&#8211; izrada financijskih i statisti\u010dkih izvje\u0161taja<br \/>\n&#8211; ra\u010dunovodstveno savjetovanje<br \/>\n&#8211; pra\u0107enje prema mjestima tro\u0161ka i\/ili profitnim centrima[\/vc_column_text][\/vc_column][vc_column width=&#8221;1\/3&#8243; offset=&#8221;vc_hidden-md vc_hidden-sm vc_hidden-xs&#8221;][vc_empty_space height=&#8221;850px&#8221; alter_height=&#8221;none&#8221; hide_on_mobile=&#8221;&#8221;][\/vc_column][\/vc_row][\/vc_section][vc_section full_width=&#8221;stretch_row&#8221; el_class=&#8221;header_gradient&#8221;][vc_row css=&#8221;.vc_custom_1680424470432{background-position: center !important;background-repeat: no-repeat !important;background-size: contain !important;}&#8221;][vc_column offset=&#8221;vc_hidden-lg&#8221;][vc_empty_space height=&#8221;1em&#8221; alter_height=&#8221;none&#8221; hide_on_mobile=&#8221;&#8221;][vc_custom_heading text=&#8221;Ra\u010dunovodstvo<br \/>\n(outsorcing)&#8221; font_container=&#8221;tag:h1|text_align:left&#8221; use_theme_fonts=&#8221;yes&#8221;][vc_empty_space height=&#8221;1em&#8221; alter_height=&#8221;none&#8221; hide_on_mobile=&#8221;&#8221;][vc_custom_heading text=&#8221;Stru\u010dno, a\u017eurno, digitalno i fleksibilno ra\u010dunovodstvo<br \/>\nspecijalizirano za brzo rastu\u0107e IT i visoko-tehnolo\u0161ke kompanije.&#8221; font_container=&#8221;tag:h3|text_align:left|color:%23b15559&#8243; use_theme_fonts=&#8221;yes&#8221; css=&#8221;.vc_custom_1679856777012{margin-top: 0.8em !important;margin-bottom: 0.8em !important;}&#8221;][vc_empty_space height=&#8221;3em&#8221; alter_height=&#8221;none&#8221; hide_on_mobile=&#8221;&#8221;][vc_column_text el_class=&#8221;kontakt_podaci_tekst&#8221;]- financijsko ra\u010dunovodstvo<br \/>\n&#8211; obra\u010dun pla\u0107a<br \/>\n&#8211; datoteke za pla\u0107anje<br \/>\n&#8211; obra\u010dun poreza i drugih javnih davanja<br \/>\n&#8211; izrada financijskih i statisti\u010dkih izvje\u0161taja<br \/>\n&#8211; ra\u010dunovodstveno savjetovanje<br \/>\n&#8211; pra\u0107enje prema mjestima tro\u0161ka i\/ili profitnim centrima[\/vc_column_text][vc_single_image image=&#8221;2211&#8243; img_size=&#8221;full&#8221; css=&#8221;.vc_custom_1680424623529{margin-top: 0em !important;padding-bottom: 1em !important;}&#8221;][\/vc_column][\/vc_row][\/vc_section][vc_section full_width=&#8221;stretch_row&#8221; css=&#8221;.vc_custom_1679829814931{background-color: #eeeeee !important;}&#8221;][vc_row][vc_column offset=&#8221;vc_hidden-md vc_hidden-sm vc_hidden-xs&#8221;][vc_empty_space height=&#8221;2.5em&#8221; alter_height=&#8221;none&#8221; hide_on_mobile=&#8221;&#8221;][\/vc_column][\/vc_row][vc_row equal_height=&#8221;yes&#8221; el_id=&#8221;racunovodstvo&#8221;][vc_column width=&#8221;1\/3&#8243; offset=&#8221;vc_hidden-md vc_hidden-sm vc_hidden-xs&#8221;][vc_raw_html el_class=&#8221;svg_lijevo&#8221;]JTNDaW1nJTIwc3JjJTNEJTIyaHR0cHMlM0ElMkYlMkZ3d3cuZmluYW5jaWplLWFzdHJhLmNvbSUyRnRlbXAlMkZ3cC1jb250ZW50JTJGdXBsb2FkcyUyRjIwMjMlMkYwMyUyRmZpbmFuY2lqc2tvX3JhY3Vub3ZvZHN0dm9faWtvbmEuc3ZnJTIyJTIwd2lkdGglM0QlMjIxNSUyNSUyMiUyMGhlaWdodCUzRCUyMmF1dG8lMjIlM0MlMkZpbWclM0U=[\/vc_raw_html][vc_custom_heading text=&#8221;Financijsko<br \/>\nra\u010dunovodstvo&#8221; font_container=&#8221;tag:h3|text_align:left|color:%23b15559&#8243; use_theme_fonts=&#8221;yes&#8221; css=&#8221;.vc_custom_1679828118031{margin-top: 0.8em !important;margin-bottom: 0.8em !important;}&#8221;][vc_column_text el_class=&#8221;tekst_usluge&#8221; css=&#8221;.vc_custom_1680043210801{margin-right: 6% !important;padding-top: 1.6em !important;padding-right: 8% !important;}&#8221;]Obradu ra\u010dunovodstvene dokumentacije vr\u0161imo primarno u svom ERP sustavu, ali radimo i u drugim softverima po potrebi klijenata (npr. SAP, Pantheon etc). Dostava dokumentacije je isklju\u010divo digitalna, putem na\u0161eg DMS sustava, a klijenti imaju pristup svojim ra\u010dunovodstvenim podacima i izvje\u0161tajima te digitalnoj dokumentaciji u svakom trenutku. Klijenti imaju mogu\u0107nost izrade izlaznih ra\u010duna, putnih naloga, evidencije radnog vremena i datoteka s nalozima za pla\u0107anje u na\u0161em ERP sustavu.[\/vc_column_text][\/vc_column][vc_column width=&#8221;1\/3&#8243; offset=&#8221;vc_hidden-md vc_hidden-sm vc_hidden-xs&#8221;][vc_raw_html el_class=&#8221;svg_lijevo&#8221;]JTNDaW1nJTIwc3JjJTNEJTIyaHR0cHMlM0ElMkYlMkZ3d3cuZmluYW5jaWplLWFzdHJhLmNvbSUyRnRlbXAlMkZ3cC1jb250ZW50JTJGdXBsb2FkcyUyRjIwMjMlMkYwMyUyRm9icmFjdW5fcGxhY2FfaWtvbmFfY3J2ZW5hLnN2ZyUyMiUyMHdpZHRoJTNEJTIyMTUlMjUlMjIlMjBoZWlnaHQlM0QlMjJhdXRvJTIyJTNDJTJGaW1nJTNF[\/vc_raw_html][vc_custom_heading text=&#8221;Obra\u010dun pla\u0107a i<br \/>\ndrugog dohotka&#8221; font_container=&#8221;tag:h3|text_align:left|color:%23b15559&#8243; use_theme_fonts=&#8221;yes&#8221; css=&#8221;.vc_custom_1679828264480{margin-top: 0.8em !important;margin-bottom: 0.8em !important;}&#8221;][vc_column_text el_class=&#8221;tekst_usluge&#8221; css=&#8221;.vc_custom_1680043215649{margin-right: 6% !important;padding-top: 1.6em !important;padding-right: 8% !important;}&#8221;]Usluga obra\u010duna pla\u0107a i ostalih primanja uklju\u010duje isporuku propisanih elektroni\u010dkih izvje\u0161taja klijentu, elektroni\u010dkih datoteka za isplatu te izvje\u0161taja prema zakonodavnim tijelima sukladno zakonskim propisima.<br \/>\nMogu\u0107nost digitalne dostave platnih listi radnicima.<br \/>\nUsluga obra\u010duna pla\u0107a i drugog dohotka standardno je uklju\u010dena u ra\u010dunovodstvene usluge, ali mo\u017ee biti zasebno ugovorena kao samostalna usluga.[\/vc_column_text][\/vc_column][vc_column width=&#8221;1\/3&#8243; offset=&#8221;vc_hidden-md vc_hidden-sm vc_hidden-xs&#8221;][vc_raw_html el_class=&#8221;svg_lijevo&#8221;]JTNDaW1nJTIwc3JjJTNEJTIyaHR0cHMlM0ElMkYlMkZ3d3cuZmluYW5jaWplLWFzdHJhLmNvbSUyRnRlbXAlMkZ3cC1jb250ZW50JTJGdXBsb2FkcyUyRjIwMjMlMkYwMyUyRlVwcmF2bGphY2tvX3JhY3Vub3ZvZHN0dm9faWtvbmFfY3J2ZW5hLnN2ZyUyMiUyMHdpZHRoJTNEJTIyMTUlMjUlMjIlMjBoZWlnaHQlM0QlMjJhdXRvJTIyJTNDJTJGaW1nJTNF[\/vc_raw_html][vc_custom_heading text=&#8221;Upravlja\u010dko ra\u010dunovodstvo<br \/>\ni izvje\u0161tavanje&#8221; font_container=&#8221;tag:h3|text_align:left|color:%23b15559&#8243; use_theme_fonts=&#8221;yes&#8221; css=&#8221;.vc_custom_1679828275395{margin-top: 0.8em !important;margin-bottom: 0.8em !important;}&#8221;][vc_column_text el_class=&#8221;tekst_usluge&#8221; css=&#8221;.vc_custom_1680043220375{margin-right: 6% !important;padding-top: 1.6em !important;padding-right: 8% !important;}&#8221;]Vr\u0161imo analizu poslovanja te prijedloge za pobolj\u0161anje. Savjetujemo klijenta oko mogu\u0107nosti pra\u0107enja poslovanja prema segmentima, profitnim i tro\u0161kovnim centrima.<br \/>\nIzra\u0111ujemo posebne i dodatne izvje\u0161taje prema zahtjevima klijenata,<br \/>\nvezano uz specifi\u010dne potrebe njihove lokalne ili me\u0111unarodne organizacijske i vlasni\u010dke strukture.[\/vc_column_text][\/vc_column][\/vc_row][vc_row][vc_column offset=&#8221;vc_hidden-md vc_hidden-sm vc_hidden-xs&#8221;][vc_empty_space height=&#8221;7em&#8221; alter_height=&#8221;none&#8221; hide_on_mobile=&#8221;&#8221;][\/vc_column][\/vc_row][\/vc_section][vc_section full_width=&#8221;stretch_row&#8221; css=&#8221;.vc_custom_1679829814931{background-color: #eeeeee !important;}&#8221;][vc_row][vc_column offset=&#8221;vc_hidden-lg&#8221;][vc_empty_space height=&#8221;0.5em&#8221; alter_height=&#8221;none&#8221; hide_on_mobile=&#8221;&#8221;][\/vc_column][\/vc_row][vc_row equal_height=&#8221;yes&#8221;][vc_column width=&#8221;1\/3&#8243; offset=&#8221;vc_hidden-lg&#8221;][vc_raw_html el_class=&#8221;svg_lijevo&#8221; el_id=&#8221;racunovodstvo&#8221;]JTNDaW1nJTIwc3JjJTNEJTIyaHR0cHMlM0ElMkYlMkZ3d3cuZmluYW5jaWplLWFzdHJhLmNvbSUyRnRlbXAlMkZ3cC1jb250ZW50JTJGdXBsb2FkcyUyRjIwMjMlMkYwMyUyRmZpbmFuY2lqc2tvX3JhY3Vub3ZvZHN0dm9faWtvbmEuc3ZnJTIyJTIwd2lkdGglM0QlMjIyNSUyNSUyMiUyMGhlaWdodCUzRCUyMmF1dG8lMjIlM0MlMkZpbWclM0U=[\/vc_raw_html][vc_custom_heading text=&#8221;Financijsko<br \/>\nra\u010dunovodstvo&#8221; font_container=&#8221;tag:h3|text_align:left|color:%23b15559&#8243; use_theme_fonts=&#8221;yes&#8221; css=&#8221;.vc_custom_1679828118031{margin-top: 0.8em !important;margin-bottom: 0.8em !important;}&#8221;][vc_column_text el_class=&#8221;tekst_usluge&#8221; css=&#8221;.vc_custom_1680424373081{margin-right: 6% !important;margin-bottom: 4em !important;padding-top: 1.6em !important;padding-right: 8% !important;}&#8221;]Obradu ra\u010dunovodstvene dokumentacije vr\u0161imo primarno u svom ERP sustavu, ali radimo i u drugim softverima po potrebi klijenata (npr. SAP, Pantheon etc). Dostava dokumentacije je isklju\u010divo digitalna, putem na\u0161eg DMS sustava, a klijenti imaju pristup svojim ra\u010dunovodstvenim podacima i izvje\u0161tajima te digitalnoj dokumentaciji u svakom trenutku. Klijenti imaju mogu\u0107nost izrade izlaznih ra\u010duna, putnih naloga, evidencije radnog vremena i datoteka s nalozima za pla\u0107anje u na\u0161em ERP sustavu.<\/p>\n<p>[\/vc_column_text][\/vc_column][vc_column width=&#8221;1\/3&#8243; offset=&#8221;vc_hidden-lg&#8221;][vc_raw_html el_class=&#8221;svg_lijevo&#8221; el_id=&#8221;placa&#8221;]JTNDaW1nJTIwc3JjJTNEJTIyaHR0cHMlM0ElMkYlMkZ3d3cuZmluYW5jaWplLWFzdHJhLmNvbSUyRnRlbXAlMkZ3cC1jb250ZW50JTJGdXBsb2FkcyUyRjIwMjMlMkYwMyUyRm9icmFjdW5fcGxhY2FfaWtvbmFfY3J2ZW5hLnN2ZyUyMiUyMHdpZHRoJTNEJTIyMjUlMjUlMjIlMjBoZWlnaHQlM0QlMjJhdXRvJTIyJTNDJTJGaW1nJTNF[\/vc_raw_html][vc_custom_heading text=&#8221;Obra\u010dun pla\u0107a i<br \/>\ndrugog dohotka&#8221; font_container=&#8221;tag:h3|text_align:left|color:%23b15559&#8243; use_theme_fonts=&#8221;yes&#8221; css=&#8221;.vc_custom_1679828264480{margin-top: 0.8em !important;margin-bottom: 0.8em !important;}&#8221;][vc_column_text el_class=&#8221;tekst_usluge&#8221; css=&#8221;.vc_custom_1680424379133{margin-right: 6% !important;margin-bottom: 4em !important;padding-top: 1.6em !important;padding-right: 8% !important;}&#8221;]Usluga obra\u010duna pla\u0107a i ostalih primanja uklju\u010duje isporuku propisanih elektroni\u010dkih izvje\u0161taja klijentu, elektroni\u010dkih datoteka za isplatu te izvje\u0161taja prema zakonodavnim tijelima sukladno zakonskim propisima.<br \/>\nMogu\u0107nost digitalne dostave platnih listi radnicima.<br \/>\nUsluga obra\u010duna pla\u0107a i drugog dohotka standardno je uklju\u010dena u ra\u010dunovodstvene usluge, ali mo\u017ee biti zasebno ugovorena kao samostalna usluga.<\/p>\n<p>[\/vc_column_text][\/vc_column][vc_column width=&#8221;1\/3&#8243; offset=&#8221;vc_hidden-lg&#8221;][vc_raw_html el_class=&#8221;svg_lijevo&#8221; el_id=&#8221;upravljacko&#8221;]JTNDaW1nJTIwc3JjJTNEJTIyaHR0cHMlM0ElMkYlMkZ3d3cuZmluYW5jaWplLWFzdHJhLmNvbSUyRnRlbXAlMkZ3cC1jb250ZW50JTJGdXBsb2FkcyUyRjIwMjMlMkYwMyUyRlVwcmF2bGphY2tvX3JhY3Vub3ZvZHN0dm9faWtvbmFfY3J2ZW5hLnN2ZyUyMiUyMHdpZHRoJTNEJTIyMjUlMjUlMjIlMjBoZWlnaHQlM0QlMjJhdXRvJTIyJTNDJTJGaW1nJTNF[\/vc_raw_html][vc_custom_heading text=&#8221;Upravlja\u010dko ra\u010dunovodstvo<br \/>\ni izvje\u0161tavanje&#8221; font_container=&#8221;tag:h3|text_align:left|color:%23b15559&#8243; use_theme_fonts=&#8221;yes&#8221; css=&#8221;.vc_custom_1679828275395{margin-top: 0.8em !important;margin-bottom: 0.8em !important;}&#8221;][vc_column_text el_class=&#8221;tekst_usluge&#8221; css=&#8221;.vc_custom_1680043220375{margin-right: 6% !important;padding-top: 1.6em !important;padding-right: 8% !important;}&#8221;]Vr\u0161imo analizu poslovanja te prijedloge za pobolj\u0161anje. Savjetujemo klijenta oko mogu\u0107nosti pra\u0107enja poslovanja prema segmentima, profitnim i tro\u0161kovnim centrima.<br \/>\nIzra\u0111ujemo posebne i dodatne izvje\u0161taje prema zahtjevima klijenata,<br \/>\nvezano uz specifi\u010dne potrebe njihove lokalne ili me\u0111unarodne organizacijske i vlasni\u010dke strukture.[\/vc_column_text][\/vc_column][\/vc_row][vc_row][vc_column offset=&#8221;vc_hidden-lg&#8221;][vc_empty_space height=&#8221;7em&#8221; alter_height=&#8221;none&#8221; hide_on_mobile=&#8221;&#8221;][\/vc_column][\/vc_row][\/vc_section]<\/p>\n<\/section>","protected":false},"excerpt":{"rendered":"<p>[vc_section full_width=&#8221;stretch_row&#8221; el_class=&#8221;header_gradient&#8221;][vc_row css=&#8221;.vc_custom_1679856509121{background-image: url(https:\/\/www.financije-astra.com\/temp\/wp-content\/uploads\/2023\/03\/racunovodstvo_back.png?id=1491) !important;background-position: center !important;background-repeat: no-repeat !important;background-size: contain !important;}&#8221;][vc_column width=&#8221;2\/3&#8243; offset=&#8221;vc_hidden-md vc_hidden-sm vc_hidden-xs&#8221;][vc_empty_space height=&#8221;1em&#8221; alter_height=&#8221;none&#8221; hide_on_mobile=&#8221;&#8221;][vc_custom_heading text=&#8221;Ra\u010dunovodstvo (outsorcing)&#8221; font_container=&#8221;tag:h1|text_align:left&#8221; use_theme_fonts=&#8221;yes&#8221;][vc_empty_space height=&#8221;1em&#8221; alter_height=&#8221;none&#8221; hide_on_mobile=&#8221;&#8221;][vc_custom_heading text=&#8221;Stru\u010dno, a\u017eurno, digitalno i fleksibilno ra\u010dunovodstvo specijalizirano za brzo rastu\u0107e IT i visoko-tehnolo\u0161ke kompanije.&#8221; font_container=&#8221;tag:h3|text_align:left|color:%23b15559&#8243; use_theme_fonts=&#8221;yes&#8221; css=&#8221;.vc_custom_1679856777012{margin-top: 0.8em !important;margin-bottom: 0.8em !important;}&#8221;][vc_empty_space height=&#8221;3em&#8221; alter_height=&#8221;none&#8221; hide_on_mobile=&#8221;&#8221;][vc_column_text&hellip;<\/p>\n","protected":false},"author":1,"featured_media":0,"parent":0,"menu_order":0,"comment_status":"closed","ping_status":"closed","template":"","meta":{"inline_featured_image":false,"footnotes":""},"class_list":["post-1240","page","type-page","status-publish","hentry"],"acf":[],"_links":{"self":[{"href":"https:\/\/www.financije-astra.com\/temp\/wp-json\/wp\/v2\/pages\/1240","targetHints":{"allow":["GET"]}}],"collection":[{"href":"https:\/\/www.financije-astra.com\/temp\/wp-json\/wp\/v2\/pages"}],"about":[{"href":"https:\/\/www.financije-astra.com\/temp\/wp-json\/wp\/v2\/types\/page"}],"author":[{"embeddable":true,"href":"https:\/\/www.financije-astra.com\/temp\/wp-json\/wp\/v2\/users\/1"}],"replies":[{"embeddable":true,"href":"https:\/\/www.financije-astra.com\/temp\/wp-json\/wp\/v2\/comments?post=1240"}],"version-history":[{"count":50,"href":"https:\/\/www.financije-astra.com\/temp\/wp-json\/wp\/v2\/pages\/1240\/revisions"}],"predecessor-version":[{"id":2465,"href":"https:\/\/www.financije-astra.com\/temp\/wp-json\/wp\/v2\/pages\/1240\/revisions\/2465"}],"wp:attachment":[{"href":"https:\/\/www.financije-astra.com\/temp\/wp-json\/wp\/v2\/media?parent=1240"}],"curies":[{"name":"wp","href":"https:\/\/api.w.org\/{rel}","templated":true}]}}