{"id":1287,"date":"2023-03-26T11:04:22","date_gmt":"2023-03-26T11:04:22","guid":{"rendered":"https:\/\/www.financije-astra.com\/temp\/?page_id=1287"},"modified":"2023-04-03T22:07:17","modified_gmt":"2023-04-03T22:07:17","slug":"savjetodavne-usluge","status":"publish","type":"page","link":"https:\/\/www.financije-astra.com\/temp\/savjetodavne-usluge\/","title":{"rendered":"Savjetodavne usluge"},"content":{"rendered":"<section class=\"wpb-content-wrapper\"><p>[vc_section full_width=&#8221;stretch_row&#8221; el_class=&#8221;header_gradient&#8221;][vc_row css=&#8221;.vc_custom_1679857813890{background-image: url(https:\/\/www.financije-astra.com\/temp\/wp-content\/uploads\/2023\/03\/savjetodavne_usluge_back.png?id=1509) !important;background-position: center !important;background-repeat: no-repeat !important;background-size: contain !important;}&#8221;][vc_column width=&#8221;2\/3&#8243; offset=&#8221;vc_hidden-md vc_hidden-sm vc_hidden-xs&#8221;][vc_empty_space height=&#8221;1em&#8221; alter_height=&#8221;none&#8221; hide_on_mobile=&#8221;&#8221;][vc_custom_heading text=&#8221;Savjetodavne<br \/>\nusluge&#8221; font_container=&#8221;tag:h1|text_align:left&#8221; use_theme_fonts=&#8221;yes&#8221;][vc_empty_space height=&#8221;4em&#8221; alter_height=&#8221;none&#8221; hide_on_mobile=&#8221;&#8221;][vc_column_text el_class=&#8221;kontakt_podaci_tekst&#8221;]Na\u0161e osnovno na\u010delo je prepoznati i pravilno identificirati<br \/>\npotrebe i realne mogu\u0107nosti Klijenta te procijeniti jesmo li<br \/>\nme\u0111usobno pravi odabir. Rezultat ovakvog pristupa su<br \/>\ndugogodi\u0161nji zadovoljni klijenti, iznimno visoka stopa<br \/>\nfinanciranih EU projekata te veliki broj uspje\u0161no provedenih<br \/>\nM&amp;A transakcija. Usluge savjetovanja pru\u017eaju sestrinske<br \/>\ntvrtke unutar na\u0161e grupe.[\/vc_column_text][\/vc_column][vc_column width=&#8221;1\/3&#8243; offset=&#8221;vc_hidden-md vc_hidden-sm vc_hidden-xs&#8221;][vc_empty_space height=&#8221;850px&#8221; alter_height=&#8221;none&#8221; hide_on_mobile=&#8221;&#8221;][\/vc_column][\/vc_row][\/vc_section][vc_section full_width=&#8221;stretch_row&#8221; el_class=&#8221;header_gradient&#8221;][vc_row css=&#8221;.vc_custom_1680424704439{background-position: center !important;background-repeat: no-repeat !important;background-size: contain !important;}&#8221;][vc_column offset=&#8221;vc_hidden-lg&#8221;][vc_empty_space height=&#8221;1em&#8221; alter_height=&#8221;none&#8221; hide_on_mobile=&#8221;&#8221;][vc_custom_heading text=&#8221;Savjetodavne<br \/>\nusluge&#8221; font_container=&#8221;tag:h1|text_align:left&#8221; use_theme_fonts=&#8221;yes&#8221;][vc_empty_space height=&#8221;2em&#8221; alter_height=&#8221;none&#8221; hide_on_mobile=&#8221;&#8221;][vc_column_text el_class=&#8221;kontakt_podaci_tekst&#8221;]Na\u0161e osnovno na\u010delo je prepoznati i pravilno identificirati<br \/>\npotrebe i realne mogu\u0107nosti Klijenta te procijeniti jesmo li<br \/>\nme\u0111usobno pravi odabir. Rezultat ovakvog pristupa su<br \/>\ndugogodi\u0161nji zadovoljni klijenti, iznimno visoka stopa<br \/>\nfinanciranih EU projekata te veliki broj uspje\u0161no provedenih<br \/>\nM&amp;A transakcija. Usluge savjetovanja pru\u017eaju sestrinske<br \/>\ntvrtke unutar na\u0161e grupe.[\/vc_column_text][vc_single_image image=&#8221;2214&#8243; img_size=&#8221;full&#8221; css=&#8221;.vc_custom_1680425076248{margin-top: 0em !important;padding-bottom: 1em !important;}&#8221;][\/vc_column][\/vc_row][\/vc_section][vc_section full_width=&#8221;stretch_row&#8221; css=&#8221;.vc_custom_1679829719239{background-color: #eeeeee !important;}&#8221;][vc_row][vc_column offset=&#8221;vc_hidden-md vc_hidden-sm vc_hidden-xs&#8221;][vc_empty_space height=&#8221;2.5em&#8221; alter_height=&#8221;none&#8221; hide_on_mobile=&#8221;&#8221;][\/vc_column][\/vc_row][vc_row equal_height=&#8221;yes&#8221; el_id=&#8221;savjeti_1&#8243;][vc_column width=&#8221;1\/3&#8243; offset=&#8221;vc_hidden-md vc_hidden-sm vc_hidden-xs&#8221;][vc_raw_html el_class=&#8221;svg_lijevo&#8221;]JTNDaW1nJTIwc3JjJTNEJTIyaHR0cHMlM0ElMkYlMkZ3d3cuZmluYW5jaWplLWFzdHJhLmNvbSUyRnRlbXAlMkZ3cC1jb250ZW50JTJGdXBsb2FkcyUyRjIwMjMlMkYwMyUyRnBvcmV6bmVfb2xha3NpY2Uuc3ZnJTIyJTIwd2lkdGglM0QlMjIxNSUyNSUyMiUyMGhlaWdodCUzRCUyMmF1dG8lMjIlM0MlMkZpbWclM0U=[\/vc_raw_html][vc_custom_heading text=&#8221;Porezne olak\u0161ice<br \/>\n&#8211; Zakon o poticanju ulaganja&#8221; font_container=&#8221;tag:h3|text_align:left|color:%23b15559&#8243; use_theme_fonts=&#8221;yes&#8221; css=&#8221;.vc_custom_1679828772314{margin-top: 0.8em !important;margin-bottom: 0.8em !important;}&#8221;][vc_column_text el_class=&#8221;tekst_usluge&#8221; css=&#8221;.vc_custom_1680043175970{margin-right: 6% !important;padding-top: 1.6em !important;padding-right: 8% !important;}&#8221;]Imamo veliko iskustvo s projektima za porezne olak\u0161ice kroz Zakon o poticanju ulaganja i Zakon o dr\u017eavnoj potpori za istra\u017eiva\u010dko-razvojne projekte.<br \/>\nStrukturiramo projekt, izra\u0111ujemo projektnu dokumentaciju te izvje\u0161tavamo o provedbi projekta nadle\u017ene institucije.<br \/>\nZakon o poticanju ulaganja daje mogu\u0107nost umanjenja stope poreza na dobit od 50%-100% na razdoblje do 10 godina. Tako\u0111er, pru\u017ea mogu\u0107nost nov\u010danih potpora za otvoreno radno mjesto, za usavr\u0161avanje i edukaciju itd.<\/p>\n<p>Uvjeti za IT tvrtke je sljede\u0107e ulaganje u roku od 3 godine:<br \/>\n&#8211; ulaganje od 50,000\u20ac u dugotrajnu materijalnu i nematerijalnu imovinu i 3 nova radna mjesta za mikro poduzetnike<br \/>\n&#8211; ulaganje od 50,000\u20ac u dugotrajnu materijalnu i nematerijalnu imovinu i 10 novih radnih mjesta za centre za razvoj informacijsko-komunikacijskih sustava I softvera \u2013 posebno krojena mjera za IT<br \/>\n&#8211; ulaganje od 150,000 \u20ac i 5 novih radnih mjesta[\/vc_column_text][\/vc_column][vc_column width=&#8221;1\/3&#8243; offset=&#8221;vc_hidden-md vc_hidden-sm vc_hidden-xs&#8221;][vc_raw_html el_class=&#8221;svg_lijevo&#8221;]JTNDaW1nJTIwc3JjJTNEJTIyaHR0cHMlM0ElMkYlMkZ3d3cuZmluYW5jaWplLWFzdHJhLmNvbSUyRnRlbXAlMkZ3cC1jb250ZW50JTJGdXBsb2FkcyUyRjIwMjMlMkYwMyUyRnBvcmV6bmVfb2xha3NpY2VfZHJ6YXZuYV9wb3Rwb3JhLnN2ZyUyMiUyMHdpZHRoJTNEJTIyMTUlMjUlMjIlMjBoZWlnaHQlM0QlMjJhdXRvJTIyJTNDJTJGaW1nJTNF[\/vc_raw_html][vc_custom_heading text=&#8221;Porezne olak\u0161ice &#8211; Dr\u017eavna potpora<br \/>\nza istra\u017eiva\u010dko-razvojne projekte&#8221; font_container=&#8221;tag:h3|text_align:left|color:%23b15559&#8243; use_theme_fonts=&#8221;yes&#8221; css=&#8221;.vc_custom_1679828793502{margin-top: 0.8em !important;margin-bottom: 0.8em !important;}&#8221;][vc_column_text el_class=&#8221;tekst_usluge&#8221; css=&#8221;.vc_custom_1680043181030{margin-right: 6% !important;padding-top: 1.6em !important;padding-right: 8% !important;}&#8221;]Korisnici ove potpore su obveznici poreza na dobit, a ostvaruje se putem dodatnog umanjenja osnovice poreza na dobit za opravdane tro\u0161kove istra\u017eiva\u010dko-razvojnih projekata.<\/p>\n<p>Prihvatljivi tro\u0161kovi istra\u017eiva\u010dko-razvojnih projekata su sljede\u0107i:<br \/>\n&#8211; tro\u0161kovi osoblja<br \/>\n&#8211; tro\u0161kovi amortizacije instrumenata i opreme<br \/>\n&#8211; tro\u0161kovi istra\u017eivanja koje se provodi na temelju ugovora, znanja i patenata koji se pribavljaju ili su licencijom ustupljeni od drugih strana po tr\u017ei\u0161nim uvjetima<br \/>\n&#8211; tro\u0161kovi savjetodavnih i sli\u010dnih usluga koje se upotrebljavaju isklju\u010divo za projekt<br \/>\n&#8211; izdaci poslovanja (tro\u0161kovi materijala, potro\u0161ne robe i sli\u010dnih proizvoda) nastali izravno kao posljedica projekta<br \/>\n&#8211; dodatni re\u017eijski tro\u0161kovi[\/vc_column_text][\/vc_column][vc_column width=&#8221;1\/3&#8243; offset=&#8221;vc_hidden-md vc_hidden-sm vc_hidden-xs&#8221;][vc_raw_html el_class=&#8221;svg_lijevo&#8221;]JTNDaW1nJTIwc3JjJTNEJTIyaHR0cHMlM0ElMkYlMkZ3d3cuZmluYW5jaWplLWFzdHJhLmNvbSUyRnRlbXAlMkZ3cC1jb250ZW50JTJGdXBsb2FkcyUyRjIwMjMlMkYwMyUyRm1hX3NhdmpldG92YW5qZS5zdmclMjIlMjB3aWR0aCUzRCUyMjE1JTI1JTIyJTIwaGVpZ2h0JTNEJTIyYXV0byUyMiUzQyUyRmltZyUzRQ==[\/vc_raw_html][vc_custom_heading text=&#8221;M&amp;A savjetovanje;<br \/>\nDue diligence&#8221; font_container=&#8221;tag:h3|text_align:left|color:%23b15559&#8243; use_theme_fonts=&#8221;yes&#8221; css=&#8221;.vc_custom_1679828816030{margin-top: 0.8em !important;margin-bottom: 0.8em !important;}&#8221;][vc_column_text el_class=&#8221;tekst_usluge&#8221; css=&#8221;.vc_custom_1680043187406{margin-right: 6% !important;padding-top: 1.6em !important;padding-right: 8% !important;}&#8221;]IT sektor je iznimno turbulentan te su akvizicije, investicije, kupovine i prodaje tvrtki svakodnevna pojava. Na\u0161im klijentima smo do sada bili podr\u0161ka u brojnim M&amp;A transakcijama.<br \/>\nRadimo savjetovanje u procesima preuzimanja i prodaja tvrtki, strate\u0161kih partnerstva, pripajanja i spajanja tvrtki. Pratimo \u010ditav proces od pripreme tvrtke da krene u takav zahvat, vodimo tvrtku kroz \u010ditav proces te je pratimo savjetodavno i nakon transakcije (post akvizicijska faza).<br \/>\nNa\u0161a podr\u0161ka u ovakvim transakcijama mo\u017ee biti na strani kupca (investitora) ili prodavatelja.<\/p>\n<p>Usluge na strani prodavatelja:<br \/>\n&#8211; digitalni \u201edata room\u201c<br \/>\n&#8211; poja\u0161njenja ra\u010dunovodstvenih i poreznih pitanja<br \/>\n&#8211; izrada poslovnog plana<br \/>\n&#8211; pregovara\u010dki postupak<\/p>\n<p>Usluge na strani kupca\/investitora:<br \/>\n&#8211; ra\u010dunovodstveni i porezni due diligence<br \/>\n&#8211; analiza poslovnog plana budu\u0107eg poslovanja tvrtke koja je predmet akvizicije<br \/>\n&#8211; savjetovanje i sudjelovanje u pregovorima oko uvjeta transakcije[\/vc_column_text][\/vc_column][\/vc_row][vc_row equal_height=&#8221;yes&#8221;][vc_column width=&#8221;1\/3&#8243; css=&#8221;.vc_custom_1680424847724{margin-right: 6% !important;}&#8221; offset=&#8221;vc_hidden-md vc_hidden-sm vc_hidden-xs&#8221;][vc_separator color=&#8221;custom&#8221; align=&#8221;align_left&#8221; accent_color=&#8221;#b15559&#8243;][\/vc_column][vc_column width=&#8221;1\/3&#8243; offset=&#8221;vc_hidden-md vc_hidden-sm vc_hidden-xs&#8221;][vc_separator color=&#8221;custom&#8221; align=&#8221;align_left&#8221; accent_color=&#8221;#b15559&#8243;][\/vc_column][vc_column width=&#8221;1\/3&#8243; offset=&#8221;vc_hidden-md vc_hidden-sm vc_hidden-xs&#8221;][vc_separator color=&#8221;custom&#8221; align=&#8221;align_left&#8221; accent_color=&#8221;#b15559&#8243;][\/vc_column][\/vc_row][vc_row equal_height=&#8221;yes&#8221; el_id=&#8221;savjeti_2&#8243;][vc_column width=&#8221;1\/3&#8243; offset=&#8221;vc_hidden-md vc_hidden-sm vc_hidden-xs&#8221;][vc_raw_html el_class=&#8221;svg_lijevo&#8221;]JTNDaW1nJTIwc3JjJTNEJTIyaHR0cHMlM0ElMkYlMkZ3d3cuZmluYW5jaWplLWFzdHJhLmNvbSUyRnRlbXAlMkZ3cC1jb250ZW50JTJGdXBsb2FkcyUyRjIwMjMlMkYwMyUyRnBvc2xvdm5vX3BsYW5pcmFuamUuc3ZnJTIyJTIwd2lkdGglM0QlMjIxNSUyNSUyMiUyMGhlaWdodCUzRCUyMmF1dG8lMjIlM0MlMkZpbWclM0U=[\/vc_raw_html][vc_custom_heading text=&#8221;Poslovno planiranje i<br \/>\ninvesticijske studije&#8221; font_container=&#8221;tag:h3|text_align:left|color:%23b15559&#8243; use_theme_fonts=&#8221;yes&#8221; css=&#8221;.vc_custom_1679828835470{margin-top: 0.8em !important;margin-bottom: 0.8em !important;}&#8221;][vc_column_text el_class=&#8221;tekst_usluge&#8221; css=&#8221;.vc_custom_1680043192474{margin-right: 6% !important;padding-top: 1.6em !important;padding-right: 8% !important;}&#8221;]- poslovno planiranje<br \/>\n&#8211; izrada poslovnih planova i investicijskih studija za potrebe investitora, banaka, VC i private equity fondova[\/vc_column_text][\/vc_column][vc_column width=&#8221;1\/3&#8243; offset=&#8221;vc_hidden-md vc_hidden-sm vc_hidden-xs&#8221;][vc_raw_html el_class=&#8221;svg_lijevo&#8221;]JTNDaW1nJTIwc3JjJTNEJTIyaHR0cHMlM0ElMkYlMkZ3d3cuZmluYW5jaWplLWFzdHJhLmNvbSUyRnRlbXAlMkZ3cC1jb250ZW50JTJGdXBsb2FkcyUyRjIwMjMlMkYwMyUyRmV1X3Byb2pla3RpLnN2ZyUyMiUyMHdpZHRoJTNEJTIyMTUlMjUlMjIlMjBoZWlnaHQlM0QlMjJhdXRvJTIyJTNDJTJGaW1nJTNF[\/vc_raw_html][vc_custom_heading text=&#8221;EU<br \/>\nprojekti&#8221; font_container=&#8221;tag:h3|text_align:left|color:%23b15559&#8243; use_theme_fonts=&#8221;yes&#8221; css=&#8221;.vc_custom_1679828748623{margin-top: 0.8em !important;margin-bottom: 0.8em !important;}&#8221;][vc_column_text el_class=&#8221;tekst_usluge&#8221; css=&#8221;.vc_custom_1680043171035{margin-right: 6% !important;padding-top: 1.6em !important;padding-right: 8% !important;}&#8221;]- Analiza kompanije i projekta<br \/>\n&#8211; Odabir optimalnog natje\u010daja<br \/>\n&#8211; Strukturiranje projekta i izrada projektne dokumentacije<\/p>\n<p>Fokusirani smo isklju\u010divo na natje\u010daje iz podru\u010dja istra\u017eivanja, razvoja i komercijalizacije inovacija te internacionalizacije i digitalizacije poslovanja. Upravo zbog fokusa i uske specijalizacije, imamo iznimno visoku uspje\u0161nost.[\/vc_column_text][\/vc_column][vc_column width=&#8221;1\/3&#8243; offset=&#8221;vc_hidden-md vc_hidden-sm vc_hidden-xs&#8221;][\/vc_column][\/vc_row][vc_row][vc_column offset=&#8221;vc_hidden-md vc_hidden-sm vc_hidden-xs&#8221;][vc_empty_space height=&#8221;7em&#8221; alter_height=&#8221;none&#8221; hide_on_mobile=&#8221;&#8221;][\/vc_column][\/vc_row][\/vc_section][vc_section full_width=&#8221;stretch_row&#8221; css=&#8221;.vc_custom_1679829719239{background-color: #eeeeee !important;}&#8221;][vc_row][vc_column offset=&#8221;vc_hidden-lg&#8221;][vc_empty_space height=&#8221;0.5em&#8221; alter_height=&#8221;none&#8221; hide_on_mobile=&#8221;&#8221;][\/vc_column][\/vc_row][vc_row equal_height=&#8221;yes&#8221;][vc_column width=&#8221;1\/3&#8243; offset=&#8221;vc_hidden-lg&#8221;][vc_raw_html el_class=&#8221;svg_lijevo&#8221; el_id=&#8221;olaksice&#8221;]JTNDaW1nJTIwc3JjJTNEJTIyaHR0cHMlM0ElMkYlMkZ3d3cuZmluYW5jaWplLWFzdHJhLmNvbSUyRnRlbXAlMkZ3cC1jb250ZW50JTJGdXBsb2FkcyUyRjIwMjMlMkYwMyUyRnBvcmV6bmVfb2xha3NpY2Uuc3ZnJTIyJTIwd2lkdGglM0QlMjIyNSUyNSUyMiUyMGhlaWdodCUzRCUyMmF1dG8lMjIlM0MlMkZpbWclM0U=[\/vc_raw_html][vc_custom_heading text=&#8221;Porezne olak\u0161ice<br \/>\n&#8211; Zakon o poticanju ulaganja&#8221; font_container=&#8221;tag:h3|text_align:left|color:%23b15559&#8243; use_theme_fonts=&#8221;yes&#8221; css=&#8221;.vc_custom_1679828772314{margin-top: 0.8em !important;margin-bottom: 0.8em !important;}&#8221;][vc_column_text el_class=&#8221;tekst_usluge&#8221; css=&#8221;.vc_custom_1680424977258{margin-right: 6% !important;margin-bottom: 4em !important;padding-top: 1.6em !important;padding-right: 8% !important;}&#8221;]Imamo veliko iskustvo s projektima za porezne olak\u0161ice kroz Zakon o poticanju ulaganja i Zakon o dr\u017eavnoj potpori za istra\u017eiva\u010dko-razvojne projekte.<br \/>\nStrukturiramo projekt, izra\u0111ujemo projektnu dokumentaciju te izvje\u0161tavamo o provedbi projekta nadle\u017ene institucije.<br \/>\nZakon o poticanju ulaganja daje mogu\u0107nost umanjenja stope poreza na dobit od 50%-100% na razdoblje do 10 godina. Tako\u0111er, pru\u017ea mogu\u0107nost nov\u010danih potpora za otvoreno radno mjesto, za usavr\u0161avanje i edukaciju itd.<\/p>\n<p>Uvjeti za IT tvrtke je sljede\u0107e ulaganje u roku od 3 godine:<br \/>\n&#8211; ulaganje od 50,000\u20ac u dugotrajnu materijalnu i nematerijalnu imovinu i 3 nova radna mjesta za mikro poduzetnike<br \/>\n&#8211; ulaganje od 50,000\u20ac u dugotrajnu materijalnu i nematerijalnu imovinu i 10 novih radnih mjesta za centre za razvoj informacijsko-komunikacijskih sustava I softvera \u2013 posebno krojena mjera za IT<br \/>\n&#8211; ulaganje od 150,000 \u20ac i 5 novih radnih mjesta[\/vc_column_text][\/vc_column][vc_column width=&#8221;1\/3&#8243; offset=&#8221;vc_hidden-lg&#8221;][vc_raw_html el_class=&#8221;svg_lijevo&#8221;]JTNDaW1nJTIwc3JjJTNEJTIyaHR0cHMlM0ElMkYlMkZ3d3cuZmluYW5jaWplLWFzdHJhLmNvbSUyRnRlbXAlMkZ3cC1jb250ZW50JTJGdXBsb2FkcyUyRjIwMjMlMkYwMyUyRnBvcmV6bmVfb2xha3NpY2VfZHJ6YXZuYV9wb3Rwb3JhLnN2ZyUyMiUyMHdpZHRoJTNEJTIyMjUlMjUlMjIlMjBoZWlnaHQlM0QlMjJhdXRvJTIyJTNDJTJGaW1nJTNF[\/vc_raw_html][vc_custom_heading text=&#8221;Porezne olak\u0161ice &#8211; Dr\u017eavna potpora<br \/>\nza istra\u017eiva\u010dko-razvojne projekte&#8221; font_container=&#8221;tag:h3|text_align:left|color:%23b15559&#8243; use_theme_fonts=&#8221;yes&#8221; css=&#8221;.vc_custom_1679828793502{margin-top: 0.8em !important;margin-bottom: 0.8em !important;}&#8221;][vc_column_text el_class=&#8221;tekst_usluge&#8221; css=&#8221;.vc_custom_1680424992498{margin-right: 6% !important;margin-bottom: 4em !important;padding-top: 1.6em !important;padding-right: 8% !important;}&#8221;]Korisnici ove potpore su obveznici poreza na dobit, a ostvaruje se putem dodatnog umanjenja osnovice poreza na dobit za opravdane tro\u0161kove istra\u017eiva\u010dko-razvojnih projekata.<\/p>\n<p>Prihvatljivi tro\u0161kovi istra\u017eiva\u010dko-razvojnih projekata su sljede\u0107i:<br \/>\n&#8211; tro\u0161kovi osoblja<br \/>\n&#8211; tro\u0161kovi amortizacije instrumenata i opreme<br \/>\n&#8211; tro\u0161kovi istra\u017eivanja koje se provodi na temelju ugovora, znanja i patenata koji se pribavljaju ili su licencijom ustupljeni od drugih strana po tr\u017ei\u0161nim uvjetima<br \/>\n&#8211; tro\u0161kovi savjetodavnih i sli\u010dnih usluga koje se upotrebljavaju isklju\u010divo za projekt<br \/>\n&#8211; izdaci poslovanja (tro\u0161kovi materijala, potro\u0161ne robe i sli\u010dnih proizvoda) nastali izravno kao posljedica projekta<br \/>\n&#8211; dodatni re\u017eijski tro\u0161kovi<\/p>\n<p>[\/vc_column_text][\/vc_column][vc_column width=&#8221;1\/3&#8243; offset=&#8221;vc_hidden-lg&#8221;][vc_raw_html el_class=&#8221;svg_lijevo&#8221; el_id=&#8221;msavjetovanje&#8221;]JTNDaW1nJTIwc3JjJTNEJTIyaHR0cHMlM0ElMkYlMkZ3d3cuZmluYW5jaWplLWFzdHJhLmNvbSUyRnRlbXAlMkZ3cC1jb250ZW50JTJGdXBsb2FkcyUyRjIwMjMlMkYwMyUyRm1hX3NhdmpldG92YW5qZS5zdmclMjIlMjB3aWR0aCUzRCUyMjI1JTI1JTIyJTIwaGVpZ2h0JTNEJTIyYXV0byUyMiUzQyUyRmltZyUzRQ==[\/vc_raw_html][vc_custom_heading text=&#8221;M&amp;A savjetovanje;<br \/>\nDue diligence&#8221; font_container=&#8221;tag:h3|text_align:left|color:%23b15559&#8243; use_theme_fonts=&#8221;yes&#8221; css=&#8221;.vc_custom_1679828816030{margin-top: 0.8em !important;margin-bottom: 0.8em !important;}&#8221;][vc_column_text el_class=&#8221;tekst_usluge&#8221; css=&#8221;.vc_custom_1680425005784{margin-right: 6% !important;margin-bottom: 4em !important;padding-top: 1.6em !important;padding-right: 8% !important;}&#8221;]IT sektor je iznimno turbulentan te su akvizicije, investicije, kupovine i prodaje tvrtki svakodnevna pojava. Na\u0161im klijentima smo do sada bili podr\u0161ka u brojnim M&amp;A transakcijama.<br \/>\nRadimo savjetovanje u procesima preuzimanja i prodaja tvrtki, strate\u0161kih partnerstva, pripajanja i spajanja tvrtki. Pratimo \u010ditav proces od pripreme tvrtke da krene u takav zahvat, vodimo tvrtku kroz \u010ditav proces te je pratimo savjetodavno i nakon transakcije (post akvizicijska faza).<br \/>\nNa\u0161a podr\u0161ka u ovakvim transakcijama mo\u017ee biti na strani kupca (investitora) ili prodavatelja.<\/p>\n<p>Usluge na strani prodavatelja:<br \/>\n&#8211; digitalni \u201edata room\u201c<br \/>\n&#8211; poja\u0161njenja ra\u010dunovodstvenih i poreznih pitanja<br \/>\n&#8211; izrada poslovnog plana<br \/>\n&#8211; pregovara\u010dki postupak<\/p>\n<p>Usluge na strani kupca\/investitora:<br \/>\n&#8211; ra\u010dunovodstveni i porezni due diligence<br \/>\n&#8211; analiza poslovnog plana budu\u0107eg poslovanja tvrtke koja je predmet akvizicije<br \/>\n&#8211; savjetovanje i sudjelovanje u pregovorima oko uvjeta transakcije<\/p>\n<p>[\/vc_column_text][\/vc_column][\/vc_row][vc_row equal_height=&#8221;yes&#8221;][vc_column width=&#8221;1\/3&#8243; offset=&#8221;vc_hidden-lg&#8221;][vc_raw_html el_class=&#8221;svg_lijevo&#8221; el_id=&#8221;planiranje&#8221;]JTNDaW1nJTIwc3JjJTNEJTIyaHR0cHMlM0ElMkYlMkZ3d3cuZmluYW5jaWplLWFzdHJhLmNvbSUyRnRlbXAlMkZ3cC1jb250ZW50JTJGdXBsb2FkcyUyRjIwMjMlMkYwMyUyRnBvc2xvdm5vX3BsYW5pcmFuamUuc3ZnJTIyJTIwd2lkdGglM0QlMjIyNSUyNSUyMiUyMGhlaWdodCUzRCUyMmF1dG8lMjIlM0MlMkZpbWclM0U=[\/vc_raw_html][vc_custom_heading text=&#8221;Poslovno planiranje i<br \/>\ninvesticijske studije&#8221; font_container=&#8221;tag:h3|text_align:left|color:%23b15559&#8243; use_theme_fonts=&#8221;yes&#8221; css=&#8221;.vc_custom_1679828835470{margin-top: 0.8em !important;margin-bottom: 0.8em !important;}&#8221;][vc_column_text el_class=&#8221;tekst_usluge&#8221; css=&#8221;.vc_custom_1680425019890{margin-right: 6% !important;margin-bottom: 4em !important;padding-top: 1.6em !important;padding-right: 8% !important;}&#8221;]- poslovno planiranje<br \/>\n&#8211; izrada poslovnih planova i investicijskih studija za potrebe investitora, banaka, VC i private equity fondova[\/vc_column_text][\/vc_column][vc_column width=&#8221;1\/3&#8243; offset=&#8221;vc_hidden-lg&#8221;][vc_raw_html el_class=&#8221;svg_lijevo&#8221; el_id=&#8221;euprojekti&#8221;]JTNDaW1nJTIwc3JjJTNEJTIyaHR0cHMlM0ElMkYlMkZ3d3cuZmluYW5jaWplLWFzdHJhLmNvbSUyRnRlbXAlMkZ3cC1jb250ZW50JTJGdXBsb2FkcyUyRjIwMjMlMkYwMyUyRmV1X3Byb2pla3RpLnN2ZyUyMiUyMHdpZHRoJTNEJTIyMjUlMjUlMjIlMjBoZWlnaHQlM0QlMjJhdXRvJTIyJTNDJTJGaW1nJTNF[\/vc_raw_html][vc_custom_heading text=&#8221;EU<br \/>\nprojekti&#8221; font_container=&#8221;tag:h3|text_align:left|color:%23b15559&#8243; use_theme_fonts=&#8221;yes&#8221; css=&#8221;.vc_custom_1679828748623{margin-top: 0.8em !important;margin-bottom: 0.8em !important;}&#8221;][vc_column_text el_class=&#8221;tekst_usluge&#8221; css=&#8221;.vc_custom_1680043171035{margin-right: 6% !important;padding-top: 1.6em !important;padding-right: 8% !important;}&#8221;]- Analiza kompanije i projekta<br \/>\n&#8211; Odabir optimalnog natje\u010daja<br \/>\n&#8211; Strukturiranje projekta i izrada projektne dokumentacije<\/p>\n<p>Fokusirani smo isklju\u010divo na natje\u010daje iz podru\u010dja istra\u017eivanja, razvoja i komercijalizacije inovacija te internacionalizacije i digitalizacije poslovanja. Upravo zbog fokusa i uske specijalizacije, imamo iznimno visoku uspje\u0161nost.[\/vc_column_text][\/vc_column][vc_column width=&#8221;1\/3&#8243; offset=&#8221;vc_hidden-lg&#8221;][\/vc_column][\/vc_row][vc_row][vc_column offset=&#8221;vc_hidden-lg&#8221;][vc_empty_space height=&#8221;7em&#8221; alter_height=&#8221;none&#8221; hide_on_mobile=&#8221;&#8221;][\/vc_column][\/vc_row][\/vc_section]<\/p>\n<\/section>","protected":false},"excerpt":{"rendered":"<p>[vc_section full_width=&#8221;stretch_row&#8221; el_class=&#8221;header_gradient&#8221;][vc_row css=&#8221;.vc_custom_1679857813890{background-image: url(https:\/\/www.financije-astra.com\/temp\/wp-content\/uploads\/2023\/03\/savjetodavne_usluge_back.png?id=1509) !important;background-position: center !important;background-repeat: no-repeat !important;background-size: contain !important;}&#8221;][vc_column width=&#8221;2\/3&#8243; offset=&#8221;vc_hidden-md vc_hidden-sm vc_hidden-xs&#8221;][vc_empty_space height=&#8221;1em&#8221; alter_height=&#8221;none&#8221; hide_on_mobile=&#8221;&#8221;][vc_custom_heading text=&#8221;Savjetodavne usluge&#8221; font_container=&#8221;tag:h1|text_align:left&#8221; use_theme_fonts=&#8221;yes&#8221;][vc_empty_space height=&#8221;4em&#8221; alter_height=&#8221;none&#8221; hide_on_mobile=&#8221;&#8221;][vc_column_text el_class=&#8221;kontakt_podaci_tekst&#8221;]Na\u0161e osnovno na\u010delo je prepoznati i pravilno identificirati potrebe i realne mogu\u0107nosti Klijenta te procijeniti jesmo li me\u0111usobno pravi odabir. Rezultat ovakvog pristupa su&hellip;<\/p>\n","protected":false},"author":1,"featured_media":0,"parent":0,"menu_order":0,"comment_status":"closed","ping_status":"closed","template":"","meta":{"inline_featured_image":false,"footnotes":""},"class_list":["post-1287","page","type-page","status-publish","hentry"],"acf":[],"_links":{"self":[{"href":"https:\/\/www.financije-astra.com\/temp\/wp-json\/wp\/v2\/pages\/1287","targetHints":{"allow":["GET"]}}],"collection":[{"href":"https:\/\/www.financije-astra.com\/temp\/wp-json\/wp\/v2\/pages"}],"about":[{"href":"https:\/\/www.financije-astra.com\/temp\/wp-json\/wp\/v2\/types\/page"}],"author":[{"embeddable":true,"href":"https:\/\/www.financije-astra.com\/temp\/wp-json\/wp\/v2\/users\/1"}],"replies":[{"embeddable":true,"href":"https:\/\/www.financije-astra.com\/temp\/wp-json\/wp\/v2\/comments?post=1287"}],"version-history":[{"count":25,"href":"https:\/\/www.financije-astra.com\/temp\/wp-json\/wp\/v2\/pages\/1287\/revisions"}],"predecessor-version":[{"id":2469,"href":"https:\/\/www.financije-astra.com\/temp\/wp-json\/wp\/v2\/pages\/1287\/revisions\/2469"}],"wp:attachment":[{"href":"https:\/\/www.financije-astra.com\/temp\/wp-json\/wp\/v2\/media?parent=1287"}],"curies":[{"name":"wp","href":"https:\/\/api.w.org\/{rel}","templated":true}]}}